{"id":933,"date":"2022-06-21T09:54:25","date_gmt":"2022-06-21T09:54:25","guid":{"rendered":"https:\/\/roletypoziome.pl\/?post_type=product&amp;p=933"},"modified":"2022-06-21T09:54:25","modified_gmt":"2022-06-21T09:54:25","slug":"zaslona-tarasowa-ogrodowa","status":"publish","type":"product","link":"https:\/\/zaslonyogrodowe.pl\/de\/produkt\/zaslona-tarasowa-ogrodowa\/","title":{"rendered":"Zas\u0142ony tarasowe ogrodowe na wymiar"},"content":{"rendered":"<p>[et_pb_section fb_built=&#8221;1&#8243; _builder_version=&#8221;4.16&#8243; custom_padding=&#8221;0px||||false|false&#8221; global_colors_info=&#8221;{}&#8221;][et_pb_row _builder_version=&#8221;4.16&#8243; background_size=&#8221;initial&#8221; background_position=&#8221;top_left&#8221; background_repeat=&#8221;repeat&#8221; width=&#8221;100%&#8221; custom_padding=&#8221;0px||0px||false|false&#8221; global_colors_info=&#8221;{}&#8221;][et_pb_column type=&#8221;4_4&#8243; _builder_version=&#8221;4.16&#8243; custom_padding=&#8221;|||&#8221; global_colors_info=&#8221;{}&#8221; custom_padding__hover=&#8221;|||&#8221;][et_pb_wc_cart_notice _builder_version=&#8221;4.16&#8243; global_colors_info=&#8221;{}&#8221;][\/et_pb_wc_cart_notice][\/et_pb_column][\/et_pb_row][et_pb_row column_structure=&#8221;1_2,1_2&#8243; _builder_version=&#8221;4.16&#8243; background_size=&#8221;initial&#8221; background_position=&#8221;top_left&#8221; background_repeat=&#8221;repeat&#8221; width=&#8221;100%&#8221; custom_padding=&#8221;0px||||false|false&#8221; global_colors_info=&#8221;{}&#8221;][et_pb_column type=&#8221;1_2&#8243; _builder_version=&#8221;4.16&#8243; custom_padding=&#8221;|||&#8221; global_colors_info=&#8221;{}&#8221; custom_padding__hover=&#8221;|||&#8221;][et_pb_wc_images _builder_version=&#8221;4.16&#8243; global_colors_info=&#8221;{}&#8221;][\/et_pb_wc_images][\/et_pb_column][et_pb_column type=&#8221;1_2&#8243; _builder_version=&#8221;4.16&#8243; custom_padding=&#8221;|||&#8221; global_colors_info=&#8221;{}&#8221; custom_padding__hover=&#8221;|||&#8221;][et_pb_wc_title _builder_version=&#8221;4.16&#8243; global_colors_info=&#8221;{}&#8221;][\/et_pb_wc_title][et_pb_wc_rating _builder_version=&#8221;4.16&#8243; global_colors_info=&#8221;{}&#8221;][\/et_pb_wc_rating][et_pb_wc_price _builder_version=&#8221;4.16&#8243; global_colors_info=&#8221;{}&#8221;][\/et_pb_wc_price][et_pb_wc_description _builder_version=&#8221;4.16&#8243; body_text_color=&#8221;#000000&#8243; global_colors_info=&#8221;{}&#8221;][\/et_pb_wc_description][et_pb_wc_add_to_cart _builder_version=&#8221;4.16&#8243; global_colors_info=&#8221;{}&#8221;][\/et_pb_wc_add_to_cart][et_pb_wc_meta _builder_version=&#8221;4.16&#8243; global_colors_info=&#8221;{}&#8221;][\/et_pb_wc_meta][\/et_pb_column][\/et_pb_row][et_pb_row _builder_version=&#8221;4.16&#8243; background_size=&#8221;initial&#8221; background_position=&#8221;top_left&#8221; background_repeat=&#8221;repeat&#8221; width=&#8221;100%&#8221; global_colors_info=&#8221;{}&#8221;][et_pb_column type=&#8221;4_4&#8243; _builder_version=&#8221;4.16&#8243; custom_padding=&#8221;|||&#8221; global_colors_info=&#8221;{}&#8221; custom_padding__hover=&#8221;|||&#8221;][et_pb_wc_tabs _builder_version=&#8221;4.16&#8243; tab_text_color=&#8221;#000000&#8243; body_text_color=&#8221;#000000&#8243; global_colors_info=&#8221;{}&#8221;]\t\t\t\t\t[\/et_pb_wc_tabs][et_pb_wc_upsells _builder_version=&#8221;4.16&#8243; global_colors_info=&#8221;{}&#8221;][\/et_pb_wc_upsells][et_pb_wc_related_products _builder_version=&#8221;4.16&#8243; global_colors_info=&#8221;{}&#8221;][\/et_pb_wc_related_products][\/et_pb_column][\/et_pb_row][\/et_pb_section]<\/p>","protected":false},"excerpt":{"rendered":"<div class=\"et_pb_module et_pb_text et_pb_text_3 et_pb_text_align_left et_pb_bg_layout_light\">\n<div class=\"et_pb_text_inner\">\n<p><strong>Wykonane z tkanina wodoodpornej z powleczeniem poliuretanowym .\u00a0Tkanina charakteryzuje si\u0119 bardzo du\u017c\u0105 wytrzyma\u0142o\u015bci\u0105 na przetarcia otarcia oraz rozci\u0105ganie.<\/strong><\/p>\n<\/div>\n<\/div>\n<div class=\"et_pb_module et_pb_text et_pb_text_4 et_pb_text_align_left et_pb_bg_layout_light\">\n<div class=\"et_pb_text_inner\">\n<p>Der Stoff zeichnet sich durch eine sehr hohe Abrieb-, Scheuer- und Dehnungsfestigkeit aus. Es ist perfekt, wo Leichtigkeit in Kombination mit Best\u00e4ndigkeit gegen Wasser und mechanische Besch\u00e4digungen erforderlich ist.<\/p>\n<\/div>\n<\/div>","protected":false},"featured_media":874,"template":"","meta":{"_et_pb_use_builder":"on","_et_pb_old_content":"<div class=\"et_pb_module et_pb_text et_pb_text_3 et_pb_text_align_left et_pb_bg_layout_light\">\n<div class=\"et_pb_text_inner\">\n\n<strong>Wykonane z tkanina wodoodpornej z powleczeniem poliuretanowym .\u00a0Tkanina charakteryzuje si\u0119 bardzo du\u017c\u0105 wytrzyma\u0142o\u015bci\u0105 na przetarcia otarcia oraz rozci\u0105ganie.<\/strong>\n\n<\/div>\n<\/div>\n<div class=\"et_pb_module et_pb_text et_pb_text_4 et_pb_text_align_left et_pb_bg_layout_light\">\n<div class=\"et_pb_text_inner\">\n\n\u015awietnie sprawdza si\u0119 tam gdzie potrzeba lekko\u015bci w po\u0142\u0105czeniu z odporno\u015bci\u0105 na dzia\u0142anie wody oraz uszkodzenia mechaniczne.\n\n&nbsp;\n\n<\/div>\n<div class=\"et_pb_module et_pb_text et_pb_text_5 et_pb_text_align_center et_pb_bg_layout_dark\">\n<div class=\"et_pb_text_inner\">\n<div class=\"et_pb_module et_pb_text et_pb_text_7 et_pb_text_align_center et_pb_bg_layout_dark\">\n<div class=\"et_pb_text_inner\">\n\n<strong>ZALETY NASZYCH ZAS\u0141ON<\/strong>\n\n<strong>Zas\u0142ony ogrodowe<\/strong>\n\n<\/div>\n<\/div>\n<div class=\"et_pb_module et_pb_text et_pb_text_8 et_pb_text_align_center et_pb_bg_layout_dark\">\n<div class=\"et_pb_text_inner\">\n<ul class=\"ul1\">\n \t<li class=\"li1\">Zas\u0142ony wykonane s\u0105 z mocnej tkaniny typu premium 200gr\/m2<\/li>\n \t<li class=\"li1\"><b>Nasze zas\u0142ony sprzedawane s\u0105 wraz z zestawem monta\u017cowym otrzymujesz gotowy zestaw do monta\u017cu<\/b><\/li>\n \t<li><b>W zestawie kokarda 160cm do przewi\u0105zywania zas\u0142on<\/b><\/li>\n \t<li class=\"li1\">Zas\u0142ony tarasowe\u00a0 s\u0105 obszyte specjalnymi ni\u0107mi, a kraw\u0119dzie mocuj\u0105ce zosta\u0142y dodatkowo wzmocnione,<\/li>\n \t<li class=\"li1\">4 kolory do wyboru: kremowy, jasny popiel, jasny szary, szary dost\u0119pne od r\u0119ki oraz ponad 40 kolor\u00f3w dost\u0119pnych na zam\u00f3wienie.<\/li>\n \t<li class=\"li1\">Mo\u017cliwo\u015b\u0107 \u0142\u0105czenia zas\u0142on w szeroko\u015bci w tym celu prosimy o kontalt z naszym specjalist\u0105.<\/li>\n \t<li class=\"li1\">Mo\u017cliwo\u015b\u0107 \u0142atwego rozsuwania i zsuwania<\/li>\n \t<li class=\"li1\">ochrona przed promieniowaniem UV i wiatrem,<\/li>\n \t<li class=\"li1\">mo\u017cliwo\u015b\u0107 prania w pralce automatycznej<\/li>\n \t<li class=\"li1\">presti\u017cowy i nowoczesny wygl\u0105d,<\/li>\n \t<li class=\"li1\">wyprodukowany r\u0119cznie w Polsce,<\/li>\n \t<li class=\"li1\">du\u017ca odporno\u015b\u0107 na czynniki zewn\u0119trzne \u2013 deszcz, wiatr, promieniowanie UV,<\/li>\n \t<li class=\"li1\">\u0142atwo\u015b\u0107 i szybko\u015b\u0107 monta\u017cu, demonta\u017cu.<\/li>\n<\/ul>\n<\/div>\n<\/div>\n<div class=\"et_pb_module et_pb_text et_pb_text_9 et_pb_text_align_center et_pb_bg_layout_dark\">\n<div class=\"et_pb_text_inner\">\n\n<strong>CO ZAWIERA ZESTAW Zas\u0142ony ogrodowe<\/strong>\n\n<\/div>\n<\/div>\n<div class=\"et_pb_module et_pb_text et_pb_text_10 et_pb_text_align_center et_pb_bg_layout_dark\">\n<div class=\"et_pb_text_inner\">\n<ul class=\"ul1\">\n \t<li class=\"li1\">W zestawie otrzymujesz zas\u0142on\u0119 o wybranej szeroko\u015bci i wysoko\u015bci na wymiar<\/li>\n \t<li class=\"li1\">Kokard\u0119 150 cm do przewi\u0105zywania zas\u0142on<\/li>\n \t<li class=\"li1\">System monta\u017cu( haki, lin\u0119 stalow\u0105 w otulinie PCV, \u015brub\u0119 rzymsk\u0105)<\/li>\n<\/ul>\n<\/div>\n<\/div>\n<strong>Chroni\u0105ce przed s\u0142o\u0144cem i deszczem<\/strong>\n\n<\/div>\n<\/div>\n<div class=\"et_pb_module et_pb_text et_pb_text_6 et_pb_text_align_center et_pb_bg_layout_dark\">\n<div class=\"et_pb_text_inner\">\n<ul class=\"ul1\">\n \t<li class=\"li1\">Chroni\u0105 przed promieniami s\u0142onecznymi UV<\/li>\n \t<li class=\"li1\">Chroni\u0105 przed deszczem<span class=\"Apple-converted-space\">\u00a0<\/span><\/li>\n \t<li class=\"li1\">Zas\u0142ony daj\u0105 uczucie przyjemnego ch\u0142odu,<\/li>\n \t<li class=\"li1\">Dzi\u0119ki funkcji zwijania i rozwijania pozwalaj\u0105 dostosowa\u0107 si\u0119 do sytuacji pogodowej<\/li>\n \t<li class=\"li1\">Stanowi\u0105 stylowy akcent dekoracyjny i ozdobny ka\u017cdego tarasu altany czy pergoli<span class=\"Apple-converted-space\">\u00a0<\/span><\/li>\n \t<li class=\"li1\">Zas\u0142ony<span class=\"Apple-converted-space\">\u00a0\u00a0<\/span>kt\u00f3re mo\u017cna zam\u00f3wi\u0107 do kompletu chroni\u0105 r\u00f3wnie\u017c przed wiatrem.<\/li>\n \t<li class=\"li1\">Tkanina charakteryzuje si\u0119 bardzo du\u017c\u0105 wytrzyma\u0142o\u015bci\u0105 na przetarcia otarcia oraz rozci\u0105ganie. \u015awietnie sprawdza si\u0119 tam gdzie potrzeba lekko\u015bci w po\u0142\u0105czeniu z odporno\u015bci\u0105 na dzia\u0142anie wody oraz uszkodzenia mechaniczne.<\/li>\n<\/ul>\n<\/div>\n<\/div>\n<\/div>\n<p class=\"p1\"><b>Jak zam\u00f3wi\u0107 rol\u0119 zas\u0142on\u0119 na wymiar ?<\/b><\/p>\n\n<ol class=\"ol1\">\n \t<li class=\"li1\">Wybierz kolor.<\/li>\n \t<li class=\"li1\">Wybierz szeroko\u015b\u0107.<\/li>\n \t<li class=\"li1\">Wybierz d\u0142ugo\u015b\u0107 (\u00a0 wysoko\u015b\u0107 )<\/li>\n \t<li class=\"li1\">Mo\u017cesz do\u0142\u0105czy\u0107 specyfikacj\u0119\/wz\u00f3r\/zdj\u0119cie, kt\u00f3re pomo\u017ce nam w realizacji zam\u00f3wienia.<\/li>\n<\/ol>","_et_gb_content_width":""},"product_brand":[],"product_cat":[24,25],"product_tag":[27,26,28],"class_list":{"0":"post-933","1":"product","2":"type-product","3":"status-publish","4":"has-post-thumbnail","6":"product_cat-rolety","7":"product_cat-rzymskie","8":"product_tag-pozioma","9":"product_tag-roleta","10":"product_tag-rzymska","12":"first","13":"instock","14":"shipping-taxable","15":"purchasable","16":"product-type-variable"},"yoast_head":"<!-- This site is optimized with the Yoast SEO plugin v27.2 - https:\/\/yoast.com\/product\/yoast-seo-wordpress\/ -->\n<title>Zas\u0142ony tarasowe ogrodowe na wymiar - Rolety poziome rzymskie rozwijane rozsuwane dachy pergotendy Level Rafa\u0142 Krymski<\/title>\n<meta name=\"robots\" content=\"index, follow, max-snippet:-1, max-image-preview:large, max-video-preview:-1\" \/>\n<link rel=\"canonical\" href=\"https:\/\/zaslonyogrodowe.pl\/de\/produkt\/zaslona-tarasowa-ogrodowa\/\" \/>\n<meta property=\"og:locale\" content=\"de_DE\" \/>\n<meta property=\"og:type\" content=\"article\" \/>\n<meta property=\"og:title\" content=\"Zas\u0142ony tarasowe ogrodowe na wymiar - Rolety poziome rzymskie rozwijane rozsuwane dachy pergotendy Level Rafa\u0142 Krymski\" \/>\n<meta property=\"og:description\" content=\"Wykonane z tkanina wodoodpornej z powleczeniem poliuretanowym .\u00a0Tkanina charakteryzuje si\u0119 bardzo du\u017c\u0105 wytrzyma\u0142o\u015bci\u0105 na przetarcia otarcia oraz rozci\u0105ganie.    \u015awietnie sprawdza si\u0119 tam gdzie potrzeba lekko\u015bci w po\u0142\u0105czeniu z odporno\u015bci\u0105 na dzia\u0142anie wody oraz uszkodzenia mechaniczne.\" \/>\n<meta property=\"og:url\" content=\"https:\/\/zaslonyogrodowe.pl\/de\/produkt\/zaslona-tarasowa-ogrodowa\/\" \/>\n<meta property=\"og:site_name\" content=\"Rolety poziome rzymskie rozwijane rozsuwane dachy pergotendy Level Rafa\u0142 Krymski\" \/>\n<meta property=\"og:image\" content=\"https:\/\/zaslonyogrodowe.pl\/wp-content\/uploads\/2022\/06\/renderroleta_View01.png\" \/>\n\t<meta property=\"og:image:width\" content=\"1000\" \/>\n\t<meta property=\"og:image:height\" content=\"750\" \/>\n\t<meta property=\"og:image:type\" content=\"image\/png\" \/>\n<meta name=\"twitter:card\" content=\"summary_large_image\" \/>\n<meta name=\"twitter:label1\" content=\"Gesch\u00e4tzte Lesezeit\" \/>\n\t<meta name=\"twitter:data1\" content=\"2\u00a0Minuten\" \/>\n<script type=\"application\/ld+json\" class=\"yoast-schema-graph\">{\"@context\":\"https:\/\/schema.org\",\"@graph\":[{\"@type\":\"WebPage\",\"@id\":\"https:\/\/zaslonyogrodowe.pl\/produkt\/zaslona-tarasowa-ogrodowa\/\",\"url\":\"https:\/\/zaslonyogrodowe.pl\/produkt\/zaslona-tarasowa-ogrodowa\/\",\"name\":\"Zas\u0142ony tarasowe ogrodowe na wymiar - Rolety poziome rzymskie rozwijane rozsuwane dachy pergotendy Level Rafa\u0142 Krymski\",\"isPartOf\":{\"@id\":\"https:\/\/zaslonyogrodowe.pl\/#website\"},\"primaryImageOfPage\":{\"@id\":\"https:\/\/zaslonyogrodowe.pl\/produkt\/zaslona-tarasowa-ogrodowa\/#primaryimage\"},\"image\":{\"@id\":\"https:\/\/zaslonyogrodowe.pl\/produkt\/zaslona-tarasowa-ogrodowa\/#primaryimage\"},\"thumbnailUrl\":\"https:\/\/zaslonyogrodowe.pl\/wp-content\/uploads\/2022\/06\/renderroleta_View01.png\",\"datePublished\":\"2022-06-21T09:54:25+00:00\",\"breadcrumb\":{\"@id\":\"https:\/\/zaslonyogrodowe.pl\/produkt\/zaslona-tarasowa-ogrodowa\/#breadcrumb\"},\"inLanguage\":\"de\",\"potentialAction\":[{\"@type\":\"ReadAction\",\"target\":[\"https:\/\/zaslonyogrodowe.pl\/produkt\/zaslona-tarasowa-ogrodowa\/\"]}]},{\"@type\":\"ImageObject\",\"inLanguage\":\"de\",\"@id\":\"https:\/\/zaslonyogrodowe.pl\/produkt\/zaslona-tarasowa-ogrodowa\/#primaryimage\",\"url\":\"https:\/\/zaslonyogrodowe.pl\/wp-content\/uploads\/2022\/06\/renderroleta_View01.png\",\"contentUrl\":\"https:\/\/zaslonyogrodowe.pl\/wp-content\/uploads\/2022\/06\/renderroleta_View01.png\",\"width\":1000,\"height\":750},{\"@type\":\"BreadcrumbList\",\"@id\":\"https:\/\/zaslonyogrodowe.pl\/produkt\/zaslona-tarasowa-ogrodowa\/#breadcrumb\",\"itemListElement\":[{\"@type\":\"ListItem\",\"position\":1,\"name\":\"Strona g\u0142\u00f3wna\",\"item\":\"https:\/\/zaslonyogrodowe.pl\/\"},{\"@type\":\"ListItem\",\"position\":2,\"name\":\"Sklep\",\"item\":\"https:\/\/zaslonyogrodowe.pl\/sklep\/\"},{\"@type\":\"ListItem\",\"position\":3,\"name\":\"Zas\u0142ony tarasowe ogrodowe na wymiar\"}]},{\"@type\":\"WebSite\",\"@id\":\"https:\/\/zaslonyogrodowe.pl\/#website\",\"url\":\"https:\/\/zaslonyogrodowe.pl\/\",\"name\":\"Rolety poziome rzymskie rozwijane rozsuwane dachy pergotendy\",\"description\":\"Rolety poziome rzymskie rozwijane rozsuwane dachy pergotendy Level Rafa\u0142 Krymski\",\"publisher\":{\"@id\":\"https:\/\/zaslonyogrodowe.pl\/#organization\"},\"potentialAction\":[{\"@type\":\"SearchAction\",\"target\":{\"@type\":\"EntryPoint\",\"urlTemplate\":\"https:\/\/zaslonyogrodowe.pl\/?s={search_term_string}\"},\"query-input\":{\"@type\":\"PropertyValueSpecification\",\"valueRequired\":true,\"valueName\":\"search_term_string\"}}],\"inLanguage\":\"de\"},{\"@type\":\"Organization\",\"@id\":\"https:\/\/zaslonyogrodowe.pl\/#organization\",\"name\":\"Rolety poziome rzymskie przesuwane zadaszenia\",\"url\":\"https:\/\/zaslonyogrodowe.pl\/\",\"logo\":{\"@type\":\"ImageObject\",\"inLanguage\":\"de\",\"@id\":\"https:\/\/zaslonyogrodowe.pl\/#\/schema\/logo\/image\/\",\"url\":\"https:\/\/zaslonyogrodowe.pl\/wp-content\/uploads\/2022\/04\/Logo-roletypoziome.pl_.png\",\"contentUrl\":\"https:\/\/zaslonyogrodowe.pl\/wp-content\/uploads\/2022\/04\/Logo-roletypoziome.pl_.png\",\"width\":500,\"height\":500,\"caption\":\"Rolety poziome rzymskie przesuwane zadaszenia\"},\"image\":{\"@id\":\"https:\/\/zaslonyogrodowe.pl\/#\/schema\/logo\/image\/\"}}]}<\/script>\n<!-- \/ Yoast SEO plugin. -->","yoast_head_json":{"title":"Zas\u0142ony tarasowe ogrodowe na wymiar - Rolety poziome rzymskie rozwijane rozsuwane dachy pergotendy Level Rafa\u0142 Krymski","robots":{"index":"index","follow":"follow","max-snippet":"max-snippet:-1","max-image-preview":"max-image-preview:large","max-video-preview":"max-video-preview:-1"},"canonical":"https:\/\/zaslonyogrodowe.pl\/de\/produkt\/zaslona-tarasowa-ogrodowa\/","og_locale":"de_DE","og_type":"article","og_title":"Zas\u0142ony tarasowe ogrodowe na wymiar - Rolety poziome rzymskie rozwijane rozsuwane dachy pergotendy Level Rafa\u0142 Krymski","og_description":"Wykonane z tkanina wodoodpornej z powleczeniem poliuretanowym .\u00a0Tkanina charakteryzuje si\u0119 bardzo du\u017c\u0105 wytrzyma\u0142o\u015bci\u0105 na przetarcia otarcia oraz rozci\u0105ganie.    \u015awietnie sprawdza si\u0119 tam gdzie potrzeba lekko\u015bci w po\u0142\u0105czeniu z odporno\u015bci\u0105 na dzia\u0142anie wody oraz uszkodzenia mechaniczne.","og_url":"https:\/\/zaslonyogrodowe.pl\/de\/produkt\/zaslona-tarasowa-ogrodowa\/","og_site_name":"Rolety poziome rzymskie rozwijane rozsuwane dachy pergotendy Level Rafa\u0142 Krymski","og_image":[{"width":1000,"height":750,"url":"https:\/\/zaslonyogrodowe.pl\/wp-content\/uploads\/2022\/06\/renderroleta_View01.png","type":"image\/png"}],"twitter_card":"summary_large_image","twitter_misc":{"Gesch\u00e4tzte Lesezeit":"2\u00a0Minuten"},"schema":{"@context":"https:\/\/schema.org","@graph":[{"@type":"WebPage","@id":"https:\/\/zaslonyogrodowe.pl\/produkt\/zaslona-tarasowa-ogrodowa\/","url":"https:\/\/zaslonyogrodowe.pl\/produkt\/zaslona-tarasowa-ogrodowa\/","name":"Zas\u0142ony tarasowe ogrodowe na wymiar - Rolety poziome rzymskie rozwijane rozsuwane dachy pergotendy Level Rafa\u0142 Krymski","isPartOf":{"@id":"https:\/\/zaslonyogrodowe.pl\/#website"},"primaryImageOfPage":{"@id":"https:\/\/zaslonyogrodowe.pl\/produkt\/zaslona-tarasowa-ogrodowa\/#primaryimage"},"image":{"@id":"https:\/\/zaslonyogrodowe.pl\/produkt\/zaslona-tarasowa-ogrodowa\/#primaryimage"},"thumbnailUrl":"https:\/\/zaslonyogrodowe.pl\/wp-content\/uploads\/2022\/06\/renderroleta_View01.png","datePublished":"2022-06-21T09:54:25+00:00","breadcrumb":{"@id":"https:\/\/zaslonyogrodowe.pl\/produkt\/zaslona-tarasowa-ogrodowa\/#breadcrumb"},"inLanguage":"de","potentialAction":[{"@type":"ReadAction","target":["https:\/\/zaslonyogrodowe.pl\/produkt\/zaslona-tarasowa-ogrodowa\/"]}]},{"@type":"ImageObject","inLanguage":"de","@id":"https:\/\/zaslonyogrodowe.pl\/produkt\/zaslona-tarasowa-ogrodowa\/#primaryimage","url":"https:\/\/zaslonyogrodowe.pl\/wp-content\/uploads\/2022\/06\/renderroleta_View01.png","contentUrl":"https:\/\/zaslonyogrodowe.pl\/wp-content\/uploads\/2022\/06\/renderroleta_View01.png","width":1000,"height":750},{"@type":"BreadcrumbList","@id":"https:\/\/zaslonyogrodowe.pl\/produkt\/zaslona-tarasowa-ogrodowa\/#breadcrumb","itemListElement":[{"@type":"ListItem","position":1,"name":"Strona g\u0142\u00f3wna","item":"https:\/\/zaslonyogrodowe.pl\/"},{"@type":"ListItem","position":2,"name":"Sklep","item":"https:\/\/zaslonyogrodowe.pl\/sklep\/"},{"@type":"ListItem","position":3,"name":"Zas\u0142ony tarasowe ogrodowe na wymiar"}]},{"@type":"WebSite","@id":"https:\/\/zaslonyogrodowe.pl\/#website","url":"https:\/\/zaslonyogrodowe.pl\/","name":"Rolety poziome rzymskie rozwijane rozsuwane dachy pergotendy","description":"Rolety poziome rzymskie rozwijane rozsuwane dachy pergotendy Level Rafa\u0142 Krymski","publisher":{"@id":"https:\/\/zaslonyogrodowe.pl\/#organization"},"potentialAction":[{"@type":"SearchAction","target":{"@type":"EntryPoint","urlTemplate":"https:\/\/zaslonyogrodowe.pl\/?s={search_term_string}"},"query-input":{"@type":"PropertyValueSpecification","valueRequired":true,"valueName":"search_term_string"}}],"inLanguage":"de"},{"@type":"Organization","@id":"https:\/\/zaslonyogrodowe.pl\/#organization","name":"Rolety poziome rzymskie przesuwane zadaszenia","url":"https:\/\/zaslonyogrodowe.pl\/","logo":{"@type":"ImageObject","inLanguage":"de","@id":"https:\/\/zaslonyogrodowe.pl\/#\/schema\/logo\/image\/","url":"https:\/\/zaslonyogrodowe.pl\/wp-content\/uploads\/2022\/04\/Logo-roletypoziome.pl_.png","contentUrl":"https:\/\/zaslonyogrodowe.pl\/wp-content\/uploads\/2022\/04\/Logo-roletypoziome.pl_.png","width":500,"height":500,"caption":"Rolety poziome rzymskie przesuwane zadaszenia"},"image":{"@id":"https:\/\/zaslonyogrodowe.pl\/#\/schema\/logo\/image\/"}}]}},"_links":{"self":[{"href":"https:\/\/zaslonyogrodowe.pl\/de\/wp-json\/wp\/v2\/product\/933","targetHints":{"allow":["GET"]}}],"collection":[{"href":"https:\/\/zaslonyogrodowe.pl\/de\/wp-json\/wp\/v2\/product"}],"about":[{"href":"https:\/\/zaslonyogrodowe.pl\/de\/wp-json\/wp\/v2\/types\/product"}],"wp:featuredmedia":[{"embeddable":true,"href":"https:\/\/zaslonyogrodowe.pl\/de\/wp-json\/wp\/v2\/media\/874"}],"wp:attachment":[{"href":"https:\/\/zaslonyogrodowe.pl\/de\/wp-json\/wp\/v2\/media?parent=933"}],"wp:term":[{"taxonomy":"product_brand","embeddable":true,"href":"https:\/\/zaslonyogrodowe.pl\/de\/wp-json\/wp\/v2\/product_brand?post=933"},{"taxonomy":"product_cat","embeddable":true,"href":"https:\/\/zaslonyogrodowe.pl\/de\/wp-json\/wp\/v2\/product_cat?post=933"},{"taxonomy":"product_tag","embeddable":true,"href":"https:\/\/zaslonyogrodowe.pl\/de\/wp-json\/wp\/v2\/product_tag?post=933"}],"curies":[{"name":"wp","href":"https:\/\/api.w.org\/{rel}","templated":true}]}}