{"id":593,"date":"2022-05-16T08:07:36","date_gmt":"2022-05-16T08:07:36","guid":{"rendered":"https:\/\/zaslonyogrodowe.pl\/?page_id=593"},"modified":"2022-05-16T10:16:33","modified_gmt":"2022-05-16T10:16:33","slug":"zwroty-i-reklamacje","status":"publish","type":"page","link":"https:\/\/zaslonyogrodowe.pl\/de\/zwroty-i-reklamacje\/","title":{"rendered":"R\u00fccksendungen und Reklamationen"},"content":{"rendered":"<p>[et_pb_section fb_built=&#8221;1&#8243; fullwidth=&#8221;on&#8221; _builder_version=&#8221;4.15.1&#8243; use_background_color_gradient=&#8221;on&#8221; background_color_gradient_start=&#8221;rgba(0,19,46,0.6)&#8221; background_color_gradient_end=&#8221;rgba(0,19,46,0.6)&#8221; background_color_gradient_overlays_image=&#8221;on&#8221; background_image=&#8221;https:\/\/zaslonyogrodowe.pl\/wp-content\/uploads\/2020\/05\/rolety_poziome_rzymskie_rozsuwane_przesuwane_dachy_20200521_182632-scaled.jpg&#8221; global_colors_info=&#8221;{}&#8221;][et_pb_fullwidth_header title=&#8221;Zwroty i reklamacje&#8221; text_orientation=&#8221;center&#8221; _builder_version=&#8221;4.15.1&#8243; title_font=&#8221;Darker Grotesque|900|||||||&#8221; title_text_align=&#8221;left&#8221; title_font_size=&#8221;142px&#8221; title_line_height=&#8221;0.75em&#8221; content_text_align=&#8221;left&#8221; background_color=&#8221;rgba(0,0,0,0)&#8221; background_image=&#8221;https:\/\/zaslonyogrodowe.pl\/wp-content\/uploads\/2020\/05\/financial-advisor-40-1024&#215;569-1.png&#8221; background_size=&#8221;contain&#8221; background_position=&#8221;top_center&#8221; custom_button_one=&#8221;on&#8221; button_one_text_color=&#8221;#283444&#8243; button_one_bg_color=&#8221;#ddccb8&#8243; button_one_border_color=&#8221;rgba(0,0,0,0)&#8221; button_one_border_radius=&#8221;0px&#8221; button_one_letter_spacing=&#8221;2px&#8221; button_one_font=&#8221;Darker Grotesque|900||on|||||&#8221; button_one_use_icon=&#8221;off&#8221; button_one_custom_padding=&#8221;15px|40px|15px|40px|true|true&#8221; custom_button_two=&#8221;on&#8221; button_two_text_color=&#8221;#283444&#8243; button_two_bg_color=&#8221;#ddccb8&#8243; button_two_border_color=&#8221;rgba(0,0,0,0)&#8221; button_two_border_radius=&#8221;0px&#8221; button_two_letter_spacing=&#8221;2px&#8221; button_two_font=&#8221;Darker Grotesque|900||on|||||&#8221; button_two_use_icon=&#8221;off&#8221; custom_padding=&#8221;9vw||9vw||true|false&#8221; hover_enabled=&#8221;0&#8243; title_font_size_tablet=&#8221;10vw&#8221; title_font_size_phone=&#8221;10vw&#8221; title_font_size_last_edited=&#8221;on|phone&#8221; title_line_height_tablet=&#8221;&#8221; title_line_height_phone=&#8221;&#8221; title_line_height_last_edited=&#8221;on|desktop&#8221; background_last_edited=&#8221;on|desktop&#8221; background_size_tablet=&#8221;cover&#8221; button_one_text_size_tablet=&#8221;20px&#8221; button_one_text_size_phone=&#8221;16px&#8221; button_one_text_size_last_edited=&#8221;on|phone&#8221; button_two_text_size_tablet=&#8221;20px&#8221; button_two_text_size_phone=&#8221;16px&#8221; button_two_text_size_last_edited=&#8221;on|phone&#8221; custom_css_header_container=&#8221;max-width: 100% !important;||width: 100% !important;&#8221; global_colors_info=&#8221;{}&#8221; sticky_enabled=&#8221;0&#8243;][\/et_pb_fullwidth_header][\/et_pb_section][et_pb_section fb_built=&#8221;1&#8243; _builder_version=&#8221;4.15.1&#8243; _module_preset=&#8221;default&#8221; global_colors_info=&#8221;{}&#8221;][et_pb_row _builder_version=&#8221;4.15&#8243; global_colors_info=&#8221;{}&#8221;][et_pb_column type=&#8221;4_4&#8243; _builder_version=&#8221;4.15&#8243; global_colors_info=&#8221;{}&#8221;][et_pb_text _builder_version=&#8221;4.15.1&#8243; header_2_font=&#8221;Darker Grotesque|900|||||||&#8221; header_2_font_size=&#8221;60px&#8221; background_layout=&#8221;dark&#8221; custom_padding=&#8221;|||230px||&#8221; header_2_font_size_tablet=&#8221;42px&#8221; header_2_font_size_phone=&#8221;30px&#8221; header_2_font_size_last_edited=&#8221;on|phone&#8221; global_colors_info=&#8221;{}&#8221;]<\/p>\n<h2 style=\"text-align: left;\"><span style=\"color: #000000;\">R\u00fccksendungen und Reklamationen<\/span><\/h2>\n<p>[\/et_pb_text][et_pb_text _builder_version=&#8221;4.15.1&#8243; _module_preset=&#8221;default&#8221; hover_enabled=&#8221;0&#8243; global_colors_info=&#8221;{}&#8221; sticky_enabled=&#8221;0&#8243;]<\/p>\n<ol class=\"ol1\">\n<li class=\"li2\"><strong><span>R\u00fccksendungen und Reklamationen<\/span><\/strong>\n<p><span>W przypadku kiedy towar nie jest zgodny ze z\u0142o\u017conym zam\u00f3wieniem prosimy o bezpo\u015bredni kontakt na adres email biuro@zaslonyogrodowe.pl<a href=\"mailto:biuro@zaglesloneczne.pl\">l<\/a> oddzwonimy lub odpiszemy, aby wsp\u00f3lnie znale\u017a\u0107 najlepsze wyj\u015bcie.\u00a0 Zale\u017cy nam na szybkich rozwi\u0105zaniach, dlatego maksymalnie pomijamy zb\u0119dne procedury.<\/span><\/p>\n<p><span><strong>Zasady reklamacji<\/strong><\/span><\/p>\n<p><span>Reklamacji podlega towar wadliwy fabrycznie. Tryb reklamacyjny trwa\u00a0ustawowo do 14 dni, jednak my staramy si\u0119 do skr\u00f3ci\u0107 do 36h.<\/span><\/p>\n<h2><span>Zasady zwrot\u00f3w<\/span><\/h2>\n<p><span>Je\u017celi zakupiony u nas produkt okaza\u0142 si\u0119 niezgodny z oczekiwaniami &#8211; mo\u017cna go \u015bmia\u0142o zwr\u00f3ci\u0107 w ci\u0105gu 14 dni po warunkiem, \u017ce jest nieu\u017cywany.<\/span><\/p>\n<p><span>Ze zwrot\u00f3w wy\u0142\u0105czone s\u0105 wszystkie produkty wykonane na wymiar indywidualny.<\/span><\/p>\n<p>&nbsp;<\/p>\n<\/li>\n<\/ol>\n<p>[\/et_pb_text][\/et_pb_column][\/et_pb_row][\/et_pb_section][et_pb_section fb_built=&#8221;1&#8243; admin_label=&#8221;Footer&#8221; _builder_version=&#8221;4.15.1&#8243; background_enable_color=&#8221;off&#8221; use_background_color_gradient=&#8221;on&#8221; background_color_gradient_start=&#8221;rgba(249,243,232,0.62)&#8221; background_color_gradient_end=&#8221;rgba(249,243,232,0.9)&#8221; background_color_gradient_overlays_image=&#8221;on&#8221; background_image=&#8221;https:\/\/zaslonyogrodowe.pl\/wp-content\/uploads\/2020\/05\/galeria-mok3.jpg&#8221; global_module=&#8221;137&#8243; locked=&#8221;off&#8221; global_colors_info=&#8221;{}&#8221;][et_pb_row column_structure=&#8221;1_3,1_3,1_3&#8243; _builder_version=&#8221;4.15.1&#8243; custom_padding=&#8221;||0px|||&#8221; global_colors_info=&#8221;{}&#8221;][et_pb_column type=&#8221;1_3&#8243; _builder_version=&#8221;4.15&#8243; global_colors_info=&#8221;{}&#8221;][et_pb_text _builder_version=&#8221;4.15.1&#8243; text_font=&#8221;Arial|600|||||||&#8221; text_font_size=&#8221;21px&#8221; text_line_height=&#8221;0.3em&#8221; header_4_font=&#8221;Arial|900|||||||&#8221; header_4_font_size=&#8221;19px&#8221; header_4_line_height=&#8221;1.4em&#8221; module_alignment=&#8221;center&#8221; custom_margin=&#8221;-23px||||false|false&#8221; custom_margin_tablet=&#8221;-32px||32px||false|false&#8221; custom_margin_phone=&#8221;-39px|-6px|23px|-26px|false|false&#8221; custom_margin_last_edited=&#8221;on|phone&#8221; custom_padding=&#8221;9px||8px|113px|false|false&#8221; module_alignment_tablet=&#8221;center&#8221; module_alignment_phone=&#8221;center&#8221; module_alignment_last_edited=&#8221;on|phone&#8221; inline_fonts=&#8221;Poppins&#8221; global_colors_info=&#8221;{}&#8221;]<\/p>\n<h4>LEVEL Rafa\u0142 Krymski<\/h4>\n<p>&nbsp;<\/p>\n<p><span style=\"font-family: Poppins; font-weight: normal; font-size: large; color: #351e00;\">ul. Sielanka 1b<\/span><\/p>\n<p><span style=\"font-family: Poppins; font-weight: normal; font-size: large; color: #351e00;\">83-000 Juszkowo<\/span><\/p>\n<p><span style=\"font-family: Poppins; font-weight: normal; font-size: large; color: #351e00;\">\u00a0<\/span><\/p>\n<p><span style=\"font-family: Poppins; font-weight: normal; font-size: large; color: #351e00;\">NIP: 583 277 88 76<\/span><\/p>\n<p>[\/et_pb_text][\/et_pb_column][et_pb_column type=&#8221;1_3&#8243; _builder_version=&#8221;4.15&#8243; global_colors_info=&#8221;{}&#8221;][et_pb_blurb use_icon=&#8221;on&#8221; font_icon=&#8221;&#xe00b;||divi||400&#8243; icon_color=&#8221;rgba(61,57,52,0.82)&#8221; image_icon_width=&#8221;55px&#8221; _builder_version=&#8221;4.15.1&#8243; header_font_size=&#8221;11px&#8221; body_font=&#8221;Arial||||||||&#8221; body_font_size=&#8221;9px&#8221; text_orientation=&#8221;center&#8221; width=&#8221;86%&#8221; height=&#8221;100px&#8221; custom_margin=&#8221;-41px||50px||false|false&#8221; custom_margin_tablet=&#8221;&#8221; custom_margin_phone=&#8221;1px||52px||false|false&#8221; custom_margin_last_edited=&#8221;on|phone&#8221; custom_padding=&#8221;0px||0px||false|false&#8221; module_alignment_tablet=&#8221;center&#8221; module_alignment_phone=&#8221;center&#8221; module_alignment_last_edited=&#8221;on|tablet&#8221; icon_font_size=&#8221;55px&#8221; global_colors_info=&#8221;{}&#8221;]<\/p>\n<h4><span style=\"font-size: x-large;\"><strong><a href=\"tel:791 333 163\">791 333 163<\/a><\/strong><\/span><\/h4>\n<h4><span style=\"font-size: x-large;\"><strong><a href=\"tel: 48 606780369\">606 780 369<\/a><\/strong><\/span><\/h4>\n<p>[\/et_pb_blurb][et_pb_blurb use_icon=&#8221;on&#8221; font_icon=&#8221;&#xe010;||divi||400&#8243; icon_color=&#8221;rgba(61,57,52,0.82)&#8221; image_icon_width=&#8221;55px&#8221; _builder_version=&#8221;4.15.1&#8243; body_font=&#8221;Arial||||||||&#8221; body_font_size=&#8221;23px&#8221; text_orientation=&#8221;center&#8221; width=&#8221;86%&#8221; height=&#8221;100px&#8221; custom_margin=&#8221;-14px||||false|false&#8221; custom_margin_tablet=&#8221;&#8221; custom_margin_phone=&#8221;-2px||57px||false|false&#8221; custom_margin_last_edited=&#8221;on|phone&#8221; custom_padding=&#8221;0px||||false|false&#8221; module_alignment_tablet=&#8221;center&#8221; module_alignment_phone=&#8221;center&#8221; module_alignment_last_edited=&#8221;on|tablet&#8221; icon_font_size=&#8221;55px&#8221; global_colors_info=&#8221;{}&#8221;]<\/p>\n<h4 style=\"text-align: center;\"><strong><a href=\"mailto:biuro@zaslonyogrodowe.pl\">biuro@zaslonyogrodowe.pl<\/a><\/strong><\/h4>\n<p>[\/et_pb_blurb][\/et_pb_column][et_pb_column type=&#8221;1_3&#8243; _builder_version=&#8221;4.15&#8243; global_colors_info=&#8221;{}&#8221;][et_pb_image src=&#8221;https:\/\/zaslonyogrodowe.pl\/wp-content\/uploads\/2022\/04\/Logo-roletypoziome.pl_.png&#8221; title_text=&#8221;Logo roletypoziome.pl&#8221; _builder_version=&#8221;4.15.1&#8243; width_tablet=&#8221;37%&#8221; width_phone=&#8221;57%&#8221; width_last_edited=&#8221;on|phone&#8221; module_alignment=&#8221;center&#8221; custom_margin=&#8221;-24px||||false|false&#8221; custom_margin_tablet=&#8221;-7px||||false|false&#8221; custom_margin_phone=&#8221;-47px||||false|false&#8221; custom_margin_last_edited=&#8221;on|phone&#8221; global_colors_info=&#8221;{}&#8221;][\/et_pb_image][\/et_pb_column][\/et_pb_row][\/et_pb_section]<\/p>","protected":false},"excerpt":{"rendered":"<p>Zwroty i reklamacje Zwroty i reklamacje W przypadku kiedy towar nie jest zgodny ze z\u0142o\u017conym zam\u00f3wieniem prosimy o bezpo\u015bredni kontakt na adres email biuro@zaslonyogrodowe.pll oddzwonimy lub odpiszemy, aby wsp\u00f3lnie znale\u017a\u0107 najlepsze wyj\u015bcie.\u00a0 Zale\u017cy nam na szybkich rozwi\u0105zaniach, dlatego maksymalnie pomijamy zb\u0119dne procedury. Zasady reklamacji Reklamacji podlega towar wadliwy fabrycznie. Tryb reklamacyjny trwa\u00a0ustawowo do 14 dni, [&hellip;]<\/p>","protected":false},"author":1,"featured_media":0,"parent":0,"menu_order":0,"comment_status":"closed","ping_status":"closed","template":"","meta":{"_et_pb_use_builder":"on","_et_pb_old_content":"","_et_gb_content_width":"","footnotes":""},"class_list":["post-593","page","type-page","status-publish","hentry"],"yoast_head":"<!-- This site is optimized with the Yoast SEO plugin v27.2 - https:\/\/yoast.com\/product\/yoast-seo-wordpress\/ -->\n<title>Zwroty i reklamacje<\/title>\n<meta name=\"robots\" content=\"index, follow, max-snippet:-1, max-image-preview:large, max-video-preview:-1\" \/>\n<link rel=\"canonical\" href=\"https:\/\/zaslonyogrodowe.pl\/de\/zwroty-i-reklamacje\/\" \/>\n<meta property=\"og:locale\" content=\"de_DE\" \/>\n<meta property=\"og:type\" content=\"article\" \/>\n<meta property=\"og:title\" content=\"Zwroty i reklamacje\" \/>\n<meta property=\"og:description\" content=\"Zwroty i reklamacje Zwroty i reklamacje W przypadku kiedy towar nie jest zgodny ze z\u0142o\u017conym zam\u00f3wieniem prosimy o bezpo\u015bredni kontakt na adres email biuro@zaslonyogrodowe.pll oddzwonimy lub odpiszemy, aby wsp\u00f3lnie znale\u017a\u0107 najlepsze wyj\u015bcie.\u00a0 Zale\u017cy nam na szybkich rozwi\u0105zaniach, dlatego maksymalnie pomijamy zb\u0119dne procedury. Zasady reklamacji Reklamacji podlega towar wadliwy fabrycznie. Tryb reklamacyjny trwa\u00a0ustawowo do 14 dni, [&hellip;]\" \/>\n<meta property=\"og:url\" content=\"https:\/\/zaslonyogrodowe.pl\/de\/zwroty-i-reklamacje\/\" \/>\n<meta property=\"og:site_name\" content=\"Rolety poziome rzymskie rozwijane rozsuwane dachy pergotendy Level Rafa\u0142 Krymski\" \/>\n<meta property=\"article:modified_time\" content=\"2022-05-16T10:16:33+00:00\" \/>\n<meta name=\"twitter:card\" content=\"summary_large_image\" \/>\n<meta name=\"twitter:label1\" content=\"Gesch\u00e4tzte Lesezeit\" \/>\n\t<meta name=\"twitter:data1\" content=\"12\u00a0Minuten\" \/>\n<script type=\"application\/ld+json\" class=\"yoast-schema-graph\">{\"@context\":\"https:\/\/schema.org\",\"@graph\":[{\"@type\":\"WebPage\",\"@id\":\"https:\/\/zaslonyogrodowe.pl\/zwroty-i-reklamacje\/\",\"url\":\"https:\/\/zaslonyogrodowe.pl\/zwroty-i-reklamacje\/\",\"name\":\"Zwroty i reklamacje\",\"isPartOf\":{\"@id\":\"https:\/\/zaslonyogrodowe.pl\/#website\"},\"datePublished\":\"2022-05-16T08:07:36+00:00\",\"dateModified\":\"2022-05-16T10:16:33+00:00\",\"breadcrumb\":{\"@id\":\"https:\/\/zaslonyogrodowe.pl\/zwroty-i-reklamacje\/#breadcrumb\"},\"inLanguage\":\"de\",\"potentialAction\":[{\"@type\":\"ReadAction\",\"target\":[\"https:\/\/zaslonyogrodowe.pl\/zwroty-i-reklamacje\/\"]}]},{\"@type\":\"BreadcrumbList\",\"@id\":\"https:\/\/zaslonyogrodowe.pl\/zwroty-i-reklamacje\/#breadcrumb\",\"itemListElement\":[{\"@type\":\"ListItem\",\"position\":1,\"name\":\"Strona g\u0142\u00f3wna\",\"item\":\"https:\/\/zaslonyogrodowe.pl\/\"},{\"@type\":\"ListItem\",\"position\":2,\"name\":\"Zwroty i reklamacje\"}]},{\"@type\":\"WebSite\",\"@id\":\"https:\/\/zaslonyogrodowe.pl\/#website\",\"url\":\"https:\/\/zaslonyogrodowe.pl\/\",\"name\":\"Rolety poziome rzymskie rozwijane rozsuwane dachy pergotendy\",\"description\":\"Rolety poziome rzymskie rozwijane rozsuwane dachy pergotendy Level Rafa\u0142 Krymski\",\"publisher\":{\"@id\":\"https:\/\/zaslonyogrodowe.pl\/#organization\"},\"potentialAction\":[{\"@type\":\"SearchAction\",\"target\":{\"@type\":\"EntryPoint\",\"urlTemplate\":\"https:\/\/zaslonyogrodowe.pl\/?s={search_term_string}\"},\"query-input\":{\"@type\":\"PropertyValueSpecification\",\"valueRequired\":true,\"valueName\":\"search_term_string\"}}],\"inLanguage\":\"de\"},{\"@type\":\"Organization\",\"@id\":\"https:\/\/zaslonyogrodowe.pl\/#organization\",\"name\":\"Rolety poziome rzymskie przesuwane zadaszenia\",\"url\":\"https:\/\/zaslonyogrodowe.pl\/\",\"logo\":{\"@type\":\"ImageObject\",\"inLanguage\":\"de\",\"@id\":\"https:\/\/zaslonyogrodowe.pl\/#\/schema\/logo\/image\/\",\"url\":\"https:\/\/zaslonyogrodowe.pl\/wp-content\/uploads\/2022\/04\/Logo-roletypoziome.pl_.png\",\"contentUrl\":\"https:\/\/zaslonyogrodowe.pl\/wp-content\/uploads\/2022\/04\/Logo-roletypoziome.pl_.png\",\"width\":500,\"height\":500,\"caption\":\"Rolety poziome rzymskie przesuwane zadaszenia\"},\"image\":{\"@id\":\"https:\/\/zaslonyogrodowe.pl\/#\/schema\/logo\/image\/\"}}]}<\/script>\n<!-- \/ Yoast SEO plugin. -->","yoast_head_json":{"title":"Zwroty i reklamacje","robots":{"index":"index","follow":"follow","max-snippet":"max-snippet:-1","max-image-preview":"max-image-preview:large","max-video-preview":"max-video-preview:-1"},"canonical":"https:\/\/zaslonyogrodowe.pl\/de\/zwroty-i-reklamacje\/","og_locale":"de_DE","og_type":"article","og_title":"Zwroty i reklamacje","og_description":"Zwroty i reklamacje Zwroty i reklamacje W przypadku kiedy towar nie jest zgodny ze z\u0142o\u017conym zam\u00f3wieniem prosimy o bezpo\u015bredni kontakt na adres email biuro@zaslonyogrodowe.pll oddzwonimy lub odpiszemy, aby wsp\u00f3lnie znale\u017a\u0107 najlepsze wyj\u015bcie.\u00a0 Zale\u017cy nam na szybkich rozwi\u0105zaniach, dlatego maksymalnie pomijamy zb\u0119dne procedury. Zasady reklamacji Reklamacji podlega towar wadliwy fabrycznie. Tryb reklamacyjny trwa\u00a0ustawowo do 14 dni, [&hellip;]","og_url":"https:\/\/zaslonyogrodowe.pl\/de\/zwroty-i-reklamacje\/","og_site_name":"Rolety poziome rzymskie rozwijane rozsuwane dachy pergotendy Level Rafa\u0142 Krymski","article_modified_time":"2022-05-16T10:16:33+00:00","twitter_card":"summary_large_image","twitter_misc":{"Gesch\u00e4tzte Lesezeit":"12\u00a0Minuten"},"schema":{"@context":"https:\/\/schema.org","@graph":[{"@type":"WebPage","@id":"https:\/\/zaslonyogrodowe.pl\/zwroty-i-reklamacje\/","url":"https:\/\/zaslonyogrodowe.pl\/zwroty-i-reklamacje\/","name":"Zwroty i reklamacje","isPartOf":{"@id":"https:\/\/zaslonyogrodowe.pl\/#website"},"datePublished":"2022-05-16T08:07:36+00:00","dateModified":"2022-05-16T10:16:33+00:00","breadcrumb":{"@id":"https:\/\/zaslonyogrodowe.pl\/zwroty-i-reklamacje\/#breadcrumb"},"inLanguage":"de","potentialAction":[{"@type":"ReadAction","target":["https:\/\/zaslonyogrodowe.pl\/zwroty-i-reklamacje\/"]}]},{"@type":"BreadcrumbList","@id":"https:\/\/zaslonyogrodowe.pl\/zwroty-i-reklamacje\/#breadcrumb","itemListElement":[{"@type":"ListItem","position":1,"name":"Strona g\u0142\u00f3wna","item":"https:\/\/zaslonyogrodowe.pl\/"},{"@type":"ListItem","position":2,"name":"Zwroty i reklamacje"}]},{"@type":"WebSite","@id":"https:\/\/zaslonyogrodowe.pl\/#website","url":"https:\/\/zaslonyogrodowe.pl\/","name":"Rolety poziome rzymskie rozwijane rozsuwane dachy pergotendy","description":"Rolety poziome rzymskie rozwijane rozsuwane dachy pergotendy Level Rafa\u0142 Krymski","publisher":{"@id":"https:\/\/zaslonyogrodowe.pl\/#organization"},"potentialAction":[{"@type":"SearchAction","target":{"@type":"EntryPoint","urlTemplate":"https:\/\/zaslonyogrodowe.pl\/?s={search_term_string}"},"query-input":{"@type":"PropertyValueSpecification","valueRequired":true,"valueName":"search_term_string"}}],"inLanguage":"de"},{"@type":"Organization","@id":"https:\/\/zaslonyogrodowe.pl\/#organization","name":"Rolety poziome rzymskie przesuwane zadaszenia","url":"https:\/\/zaslonyogrodowe.pl\/","logo":{"@type":"ImageObject","inLanguage":"de","@id":"https:\/\/zaslonyogrodowe.pl\/#\/schema\/logo\/image\/","url":"https:\/\/zaslonyogrodowe.pl\/wp-content\/uploads\/2022\/04\/Logo-roletypoziome.pl_.png","contentUrl":"https:\/\/zaslonyogrodowe.pl\/wp-content\/uploads\/2022\/04\/Logo-roletypoziome.pl_.png","width":500,"height":500,"caption":"Rolety poziome rzymskie przesuwane zadaszenia"},"image":{"@id":"https:\/\/zaslonyogrodowe.pl\/#\/schema\/logo\/image\/"}}]}},"_links":{"self":[{"href":"https:\/\/zaslonyogrodowe.pl\/de\/wp-json\/wp\/v2\/pages\/593","targetHints":{"allow":["GET"]}}],"collection":[{"href":"https:\/\/zaslonyogrodowe.pl\/de\/wp-json\/wp\/v2\/pages"}],"about":[{"href":"https:\/\/zaslonyogrodowe.pl\/de\/wp-json\/wp\/v2\/types\/page"}],"author":[{"embeddable":true,"href":"https:\/\/zaslonyogrodowe.pl\/de\/wp-json\/wp\/v2\/users\/1"}],"replies":[{"embeddable":true,"href":"https:\/\/zaslonyogrodowe.pl\/de\/wp-json\/wp\/v2\/comments?post=593"}],"version-history":[{"count":0,"href":"https:\/\/zaslonyogrodowe.pl\/de\/wp-json\/wp\/v2\/pages\/593\/revisions"}],"wp:attachment":[{"href":"https:\/\/zaslonyogrodowe.pl\/de\/wp-json\/wp\/v2\/media?parent=593"}],"curies":[{"name":"wp","href":"https:\/\/api.w.org\/{rel}","templated":true}]}}