{"id":194,"date":"2020-06-01T10:49:04","date_gmt":"2020-06-01T10:49:04","guid":{"rendered":"https:\/\/zaslonyogrodowe.pl\/?page_id=194"},"modified":"2023-04-24T12:34:19","modified_gmt":"2023-04-24T12:34:19","slug":"kolory","status":"publish","type":"page","link":"https:\/\/zaslonyogrodowe.pl\/de\/kolory\/","title":{"rendered":"FARBEN"},"content":{"rendered":"<p>[et_pb_section fb_built=&#8221;1&#8243; admin_label=&#8221;Header&#8221; _builder_version=&#8221;4.15.1&#8243; use_background_color_gradient=&#8221;on&#8221; background_color_gradient_start=&#8221;rgba(31,31,38,0.88)&#8221; background_color_gradient_end=&#8221;rgba(31,31,38,0.24)&#8221; background_color_gradient_overlays_image=&#8221;on&#8221; background_image=&#8221;https:\/\/zaslonyogrodowe.pl\/wp-content\/uploads\/2022\/05\/ROLETYPOZIOME.PL_.jpg&#8221; custom_margin=&#8221;-7px||||false|false&#8221; custom_padding=&#8221;7vw||0px||false|false&#8221; global_colors_info=&#8221;{}&#8221;][et_pb_row custom_padding_last_edited=&#8221;on|desktop&#8221; _builder_version=&#8221;4.15.1&#8243; use_background_color_gradient=&#8221;on&#8221; background_color_gradient_start=&#8221;rgba(67,78,92,0.32)&#8221; background_color_gradient_end=&#8221;rgba(31,31,38,0.71)&#8221; background_color_gradient_overlays_image=&#8221;on&#8221; background_image=&#8221;https:\/\/zaslonyogrodowe.pl\/wp-content\/uploads\/2022\/05\/Rolety_poziome_rozsuwane_zadaszenia_tarasowe_48-scaled.jpg&#8221; width=&#8221;90%&#8221; max_width=&#8221;none&#8221; module_alignment=&#8221;left&#8221; custom_margin_tablet=&#8221;|auto||0px|false|false&#8221; custom_margin_last_edited=&#8221;off|desktop&#8221; custom_padding=&#8221;10vw|20px|18vw|20px|false|true&#8221; custom_padding_tablet=&#8221;16vw||16vw||true|false&#8221; custom_padding_phone=&#8221;||||false|false&#8221; border_color_all=&#8221;#1f1f26&#8243; border_width_right=&#8221;8vw&#8221; locked=&#8221;off&#8221; global_colors_info=&#8221;{}&#8221;][et_pb_column type=&#8221;4_4&#8243; _builder_version=&#8221;4.15&#8243; global_colors_info=&#8221;{}&#8221;][et_pb_text _builder_version=&#8221;4.15.1&#8243; header_font=&#8221;Prata||||||||&#8221; header_text_align=&#8221;center&#8221; header_font_size=&#8221;94px&#8221; header_line_height=&#8221;1.2em&#8221; background_layout=&#8221;dark&#8221; hover_enabled=&#8221;0&#8243; header_font_size_tablet=&#8221;60px&#8221; header_font_size_phone=&#8221;35px&#8221; header_font_size_last_edited=&#8221;on|phone&#8221; global_colors_info=&#8221;{}&#8221; sticky_enabled=&#8221;0&#8243;]<\/p>\n<h1>Dost\u0119pne kolory zas\u0142on<\/h1>\n<p>[\/et_pb_text][\/et_pb_column][\/et_pb_row][et_pb_row column_structure=&#8221;1_2,1_2&#8243; make_equal=&#8221;on&#8221; _builder_version=&#8221;4.15&#8243; positioning=&#8221;absolute&#8221; position_origin_a=&#8221;bottom_left&#8221; position_origin_a_tablet=&#8221;&#8221; position_origin_a_phone=&#8221;&#8221; position_origin_a_last_edited=&#8221;on|desktop&#8221; position_origin_f_tablet=&#8221;&#8221; position_origin_f_phone=&#8221;&#8221; position_origin_f_last_edited=&#8221;on|desktop&#8221; position_origin_r_tablet=&#8221;&#8221; position_origin_r_phone=&#8221;&#8221; position_origin_r_last_edited=&#8221;on|desktop&#8221; width=&#8221;90%&#8221; max_width=&#8221;none&#8221; custom_margin=&#8221;|auto||0px|false|false&#8221; custom_padding=&#8221;0px||0px|10vw|true|false&#8221; positioning_tablet=&#8221;none&#8221; positioning_phone=&#8221;&#8221; positioning_last_edited=&#8221;on|tablet&#8221; box_shadow_style=&#8221;preset4&#8243; box_shadow_horizontal=&#8221;30vw&#8221; box_shadow_vertical=&#8221;0px&#8221; box_shadow_color=&#8221;#ffffff&#8221; locked=&#8221;off&#8221; global_colors_info=&#8221;{}&#8221;][et_pb_column type=&#8221;1_2&#8243; _builder_version=&#8221;4.15&#8243; custom_padding=&#8221;||||false|false&#8221; global_colors_info=&#8221;{}&#8221;][\/et_pb_column][et_pb_column type=&#8221;1_2&#8243; _builder_version=&#8221;4.15&#8243; background_color=&#8221;#bea88f&#8221; custom_padding=&#8221;60px|4%|60px|4%|true|true&#8221; global_colors_info=&#8221;{}&#8221;][et_pb_text _builder_version=&#8221;4.15.1&#8243; header_3_font=&#8221;Prata||||||||&#8221; header_3_font_size=&#8221;30px&#8221; header_3_line_height=&#8221;1.3em&#8221; background_layout=&#8221;dark&#8221; custom_margin=&#8221;||4px||false|false&#8221; header_3_font_size_tablet=&#8221;22px&#8221; header_3_font_size_phone=&#8221;20px&#8221; header_3_font_size_last_edited=&#8221;on|phone&#8221; locked=&#8221;off&#8221; global_colors_info=&#8221;{}&#8221;]<\/p>\n<h3>Haben Sie irgendwelche Fragen?\u00a0<\/h3>\n<p>[\/et_pb_text][et_pb_button button_url=&#8221;tel:+48791333163&#8243; button_text=&#8221;ZADZWO\u0143&#8221; _builder_version=&#8221;4.15.1&#8243; custom_button=&#8221;on&#8221; button_text_size=&#8221;12px&#8221; button_bg_color=&#8221;rgba(0,0,0,0)&#8221; button_border_width=&#8221;0px&#8221; button_border_radius=&#8221;0px&#8221; button_letter_spacing=&#8221;2.6px&#8221; button_font=&#8221;|700||on|||||&#8221; background_layout=&#8221;dark&#8221; custom_margin=&#8221;||||false|false&#8221; custom_padding=&#8221;|||0px|false|false&#8221; global_colors_info=&#8221;{}&#8221;][\/et_pb_button][\/et_pb_column][\/et_pb_row][\/et_pb_section][et_pb_section fb_built=&#8221;1&#8243; admin_label=&#8221;About&#8221; _builder_version=&#8221;4.15&#8243; global_colors_info=&#8221;{}&#8221;][et_pb_row _builder_version=&#8221;4.15&#8243; global_colors_info=&#8221;{}&#8221;][et_pb_column type=&#8221;4_4&#8243; _builder_version=&#8221;4.15&#8243; global_colors_info=&#8221;{}&#8221;][et_pb_text _builder_version=&#8221;4.15.1&#8243; header_2_font=&#8221;Prata||||||||&#8221; header_2_font_size=&#8221;65px&#8221; header_2_line_height=&#8221;1.8em&#8221; header_4_font=&#8221;|700||on|||||&#8221; header_4_text_color=&#8221;#bea88f&#8221; header_4_font_size=&#8221;12px&#8221; header_4_letter_spacing=&#8221;2.6px&#8221; header_4_line_height=&#8221;1.6em&#8221; text_orientation=&#8221;center&#8221; module_alignment=&#8221;center&#8221; hover_enabled=&#8221;0&#8243; header_2_font_size_tablet=&#8221;34px&#8221; header_2_font_size_phone=&#8221;28px&#8221; header_2_font_size_last_edited=&#8221;on|phone&#8221; locked=&#8221;off&#8221; global_colors_info=&#8221;{}&#8221; sticky_enabled=&#8221;0&#8243;]<\/p>\n<h4>Dost\u0119pne natychmiast<\/h4>\n<h2>Stofffarben<\/h2>\n<p>[\/et_pb_text][et_pb_image src=&#8221;https:\/\/zaslonyogrodowe.pl\/wp-content\/uploads\/2022\/06\/Rolety-poziome-kolory-3.png&#8221; title_text=&#8221;Rolety poziome kolory (3)&#8221; _builder_version=&#8221;4.15.1&#8243; _module_preset=&#8221;default&#8221; custom_margin=&#8221;||170px|||&#8221; global_colors_info=&#8221;{}&#8221;][\/et_pb_image][et_pb_text _builder_version=&#8221;4.15.1&#8243; header_2_font=&#8221;Prata||||||||&#8221; header_2_font_size=&#8221;65px&#8221; header_2_line_height=&#8221;1.8em&#8221; header_4_font=&#8221;|700||on|||||&#8221; header_4_text_color=&#8221;#bea88f&#8221; header_4_font_size=&#8221;12px&#8221; header_4_letter_spacing=&#8221;2.6px&#8221; header_4_line_height=&#8221;1.6em&#8221; text_orientation=&#8221;center&#8221; module_alignment=&#8221;center&#8221; hover_enabled=&#8221;0&#8243; header_2_font_size_tablet=&#8221;34px&#8221; header_2_font_size_phone=&#8221;28px&#8221; header_2_font_size_last_edited=&#8221;on|phone&#8221; locked=&#8221;off&#8221; global_colors_info=&#8221;{}&#8221; sticky_enabled=&#8221;0&#8243;]<\/p>\n<h4>POGL\u0104DOWE PROJEKTY<\/h4>\n<h2>Cremig<\/h2>\n<p>[\/et_pb_text][\/et_pb_column][\/et_pb_row][et_pb_row _builder_version=&#8221;4.15&#8243; global_colors_info=&#8221;{}&#8221;][et_pb_column type=&#8221;4_4&#8243; _builder_version=&#8221;4.15&#8243; global_colors_info=&#8221;{}&#8221;][et_pb_image src=&#8221;https:\/\/zaslonyogrodowe.pl\/wp-content\/uploads\/2020\/06\/kolor_kremowy.jpeg&#8221; title_text=&#8221;kolor_kremowy&#8221; align=&#8221;center&#8221; _builder_version=&#8221;4.15.1&#8243; global_colors_info=&#8221;{}&#8221;][\/et_pb_image][\/et_pb_column][\/et_pb_row][et_pb_row _builder_version=&#8221;4.15.1&#8243; _module_preset=&#8221;default&#8221; width=&#8221;80.9%&#8221; locked=&#8221;off&#8221; global_colors_info=&#8221;{}&#8221;][et_pb_column type=&#8221;4_4&#8243; _builder_version=&#8221;4.15.1&#8243; _module_preset=&#8221;default&#8221; global_colors_info=&#8221;{}&#8221;][et_pb_gallery gallery_ids=&#8221;762,761,759,757,739,738,737,736,735,717,719,707,710,711,462,461,460,379,378,377,376,375&#8243; posts_number=&#8221;8&#8243; orientation=&#8221;portrait&#8221; show_title_and_caption=&#8221;off&#8221; zoom_icon_color=&#8221;rgba(0,0,0,0.39)&#8221; hover_icon=&#8221;&#x3d;||divi||400&#8243; _builder_version=&#8221;4.15.1&#8243; _module_preset=&#8221;default&#8221; border_radii_image=&#8221;off|2px||126px|&#8221; box_shadow_style_image=&#8221;preset2&#8243; box_shadow_horizontal_image=&#8221;3px&#8221; box_shadow_blur_image=&#8221;30px&#8221; global_colors_info=&#8221;{}&#8221;][\/et_pb_gallery][\/et_pb_column][\/et_pb_row][\/et_pb_section][et_pb_section fb_built=&#8221;1&#8243; admin_label=&#8221;About&#8221; _builder_version=&#8221;4.15&#8243; global_colors_info=&#8221;{}&#8221;][et_pb_row _builder_version=&#8221;4.15&#8243; global_colors_info=&#8221;{}&#8221;][et_pb_column type=&#8221;4_4&#8243; _builder_version=&#8221;4.15&#8243; global_colors_info=&#8221;{}&#8221;][et_pb_text _builder_version=&#8221;4.15.1&#8243; header_2_font=&#8221;Prata||||||||&#8221; header_2_font_size=&#8221;65px&#8221; header_2_line_height=&#8221;1.8em&#8221; header_4_font=&#8221;|700||on|||||&#8221; header_4_text_color=&#8221;#bea88f&#8221; header_4_font_size=&#8221;12px&#8221; header_4_letter_spacing=&#8221;2.6px&#8221; header_4_line_height=&#8221;1.6em&#8221; text_orientation=&#8221;center&#8221; module_alignment=&#8221;center&#8221; hover_enabled=&#8221;0&#8243; header_2_font_size_tablet=&#8221;34px&#8221; header_2_font_size_phone=&#8221;28px&#8221; header_2_font_size_last_edited=&#8221;on|phone&#8221; locked=&#8221;off&#8221; global_colors_info=&#8221;{}&#8221; sticky_enabled=&#8221;0&#8243;]<\/p>\n<h4>POGL\u0104DOWE PROJEKTY<\/h4>\n<h2>Hellaschgrau<\/h2>\n<p>[\/et_pb_text][\/et_pb_column][\/et_pb_row][et_pb_row _builder_version=&#8221;4.15&#8243; global_colors_info=&#8221;{}&#8221;][et_pb_column type=&#8221;4_4&#8243; _builder_version=&#8221;4.15&#8243; global_colors_info=&#8221;{}&#8221;][et_pb_image src=&#8221;https:\/\/zaslonyogrodowe.pl\/wp-content\/uploads\/2020\/06\/Kolor_jasny_szary.jpeg&#8221; title_text=&#8221;Kolor_jasny_szary&#8221; align=&#8221;center&#8221; _builder_version=&#8221;4.15.1&#8243; global_colors_info=&#8221;{}&#8221;][\/et_pb_image][\/et_pb_column][\/et_pb_row][et_pb_row _builder_version=&#8221;4.15.1&#8243; _module_preset=&#8221;default&#8221; width=&#8221;80.9%&#8221; locked=&#8221;off&#8221; global_colors_info=&#8221;{}&#8221;][et_pb_column type=&#8221;4_4&#8243; _builder_version=&#8221;4.15.1&#8243; _module_preset=&#8221;default&#8221; global_colors_info=&#8221;{}&#8221;][et_pb_gallery gallery_ids=&#8221;943,945,948,944,946,949,947,751,750,749,748,746,745,744,742,741,740,314,233,234,186,185,187,188&#8243; posts_number=&#8221;8&#8243; orientation=&#8221;portrait&#8221; show_title_and_caption=&#8221;off&#8221; zoom_icon_color=&#8221;rgba(0,0,0,0.39)&#8221; hover_icon=&#8221;&#x3d;||divi||400&#8243; _builder_version=&#8221;4.15.1&#8243; _module_preset=&#8221;default&#8221; border_radii_image=&#8221;off|2px||126px|&#8221; box_shadow_style_image=&#8221;preset2&#8243; box_shadow_horizontal_image=&#8221;3px&#8221; box_shadow_blur_image=&#8221;30px&#8221; global_colors_info=&#8221;{}&#8221;][\/et_pb_gallery][\/et_pb_column][\/et_pb_row][\/et_pb_section][et_pb_section fb_built=&#8221;1&#8243; admin_label=&#8221;About&#8221; _builder_version=&#8221;4.15&#8243; global_colors_info=&#8221;{}&#8221;][et_pb_row _builder_version=&#8221;4.15&#8243; global_colors_info=&#8221;{}&#8221;][et_pb_column type=&#8221;4_4&#8243; _builder_version=&#8221;4.15&#8243; global_colors_info=&#8221;{}&#8221;][et_pb_text _builder_version=&#8221;4.15.1&#8243; header_2_font=&#8221;Prata||||||||&#8221; header_2_font_size=&#8221;65px&#8221; header_2_line_height=&#8221;1.8em&#8221; header_4_font=&#8221;|700||on|||||&#8221; header_4_text_color=&#8221;#bea88f&#8221; header_4_font_size=&#8221;12px&#8221; header_4_letter_spacing=&#8221;2.6px&#8221; header_4_line_height=&#8221;1.6em&#8221; text_orientation=&#8221;center&#8221; module_alignment=&#8221;center&#8221; hover_enabled=&#8221;0&#8243; header_2_font_size_tablet=&#8221;34px&#8221; header_2_font_size_phone=&#8221;28px&#8221; header_2_font_size_last_edited=&#8221;on|phone&#8221; locked=&#8221;off&#8221; global_colors_info=&#8221;{}&#8221; sticky_enabled=&#8221;0&#8243;]<\/p>\n<h4>POGL\u0104DOWE PROJEKTY<\/h4>\n<h2>Hellgrau<\/h2>\n<p>[\/et_pb_text][\/et_pb_column][\/et_pb_row][et_pb_row _builder_version=&#8221;4.15&#8243; global_colors_info=&#8221;{}&#8221;][et_pb_column type=&#8221;4_4&#8243; _builder_version=&#8221;4.15&#8243; global_colors_info=&#8221;{}&#8221;][et_pb_image src=&#8221;https:\/\/zaslonyogrodowe.pl\/wp-content\/uploads\/2020\/06\/Kolor_jasny_szary_46.jpg&#8221; title_text=&#8221;Kolor_jasny_szary_46&#8243; align=&#8221;center&#8221; _builder_version=&#8221;4.15.1&#8243; global_colors_info=&#8221;{}&#8221;][\/et_pb_image][\/et_pb_column][\/et_pb_row][et_pb_row _builder_version=&#8221;4.15.1&#8243; _module_preset=&#8221;default&#8221; width=&#8221;80.9%&#8221; locked=&#8221;off&#8221; global_colors_info=&#8221;{}&#8221;][et_pb_column type=&#8221;4_4&#8243; _builder_version=&#8221;4.15.1&#8243; _module_preset=&#8221;default&#8221; global_colors_info=&#8221;{}&#8221;][et_pb_gallery gallery_ids=&#8221;734,732,373,372,249,250,251,252,253,174,173,172,167,168,169,170&#8243; posts_number=&#8221;8&#8243; orientation=&#8221;portrait&#8221; show_title_and_caption=&#8221;off&#8221; zoom_icon_color=&#8221;rgba(0,0,0,0.39)&#8221; hover_icon=&#8221;&#x3d;||divi||400&#8243; _builder_version=&#8221;4.15.1&#8243; _module_preset=&#8221;default&#8221; border_radii_image=&#8221;off|2px||126px|&#8221; box_shadow_style_image=&#8221;preset2&#8243; box_shadow_horizontal_image=&#8221;3px&#8221; box_shadow_blur_image=&#8221;30px&#8221; global_colors_info=&#8221;{}&#8221;][\/et_pb_gallery][\/et_pb_column][\/et_pb_row][\/et_pb_section][et_pb_section fb_built=&#8221;1&#8243; admin_label=&#8221;About&#8221; _builder_version=&#8221;4.15&#8243; global_colors_info=&#8221;{}&#8221;][et_pb_row _builder_version=&#8221;4.15&#8243; global_colors_info=&#8221;{}&#8221;][et_pb_column type=&#8221;4_4&#8243; _builder_version=&#8221;4.15&#8243; global_colors_info=&#8221;{}&#8221;][et_pb_text _builder_version=&#8221;4.15.1&#8243; header_2_font=&#8221;Prata||||||||&#8221; header_2_font_size=&#8221;65px&#8221; header_2_line_height=&#8221;1.8em&#8221; header_4_font=&#8221;|700||on|||||&#8221; header_4_text_color=&#8221;#bea88f&#8221; header_4_font_size=&#8221;12px&#8221; header_4_letter_spacing=&#8221;2.6px&#8221; header_4_line_height=&#8221;1.6em&#8221; text_orientation=&#8221;center&#8221; module_alignment=&#8221;center&#8221; hover_enabled=&#8221;0&#8243; header_2_font_size_tablet=&#8221;34px&#8221; header_2_font_size_phone=&#8221;28px&#8221; header_2_font_size_last_edited=&#8221;on|phone&#8221; locked=&#8221;off&#8221; global_colors_info=&#8221;{}&#8221; sticky_enabled=&#8221;0&#8243;]<\/p>\n<h4>POGL\u0104DOWE PROJEKTY<\/h4>\n<h2>Grau<\/h2>\n<p>[\/et_pb_text][\/et_pb_column][\/et_pb_row][et_pb_row _builder_version=&#8221;4.15&#8243; global_colors_info=&#8221;{}&#8221;][et_pb_column type=&#8221;4_4&#8243; _builder_version=&#8221;4.15&#8243; global_colors_info=&#8221;{}&#8221;][et_pb_image src=&#8221;https:\/\/zaslonyogrodowe.pl\/wp-content\/uploads\/2020\/06\/CIEMNY-SZARY-1.jpeg&#8221; title_text=&#8221;CIEMNY SZARY&#8221; align=&#8221;center&#8221; _builder_version=&#8221;4.15.1&#8243; global_colors_info=&#8221;{}&#8221;][\/et_pb_image][\/et_pb_column][\/et_pb_row][et_pb_row _builder_version=&#8221;4.15.1&#8243; _module_preset=&#8221;default&#8221; width=&#8221;80.9%&#8221; locked=&#8221;off&#8221; global_colors_info=&#8221;{}&#8221;][et_pb_column type=&#8221;4_4&#8243; _builder_version=&#8221;4.15.1&#8243; _module_preset=&#8221;default&#8221; global_colors_info=&#8221;{}&#8221;][et_pb_gallery gallery_ids=&#8221;315,330&#8243; posts_number=&#8221;8&#8243; orientation=&#8221;portrait&#8221; show_title_and_caption=&#8221;off&#8221; zoom_icon_color=&#8221;rgba(0,0,0,0.39)&#8221; hover_icon=&#8221;&#x3d;||divi||400&#8243; _builder_version=&#8221;4.15.1&#8243; _module_preset=&#8221;default&#8221; border_radii_image=&#8221;off|2px||126px|&#8221; box_shadow_style_image=&#8221;preset2&#8243; box_shadow_horizontal_image=&#8221;3px&#8221; box_shadow_blur_image=&#8221;30px&#8221; global_colors_info=&#8221;{}&#8221;][\/et_pb_gallery][\/et_pb_column][\/et_pb_row][\/et_pb_section]<\/p>","protected":false},"excerpt":{"rendered":"<p>Dost\u0119pne kolory zas\u0142onMasz pytania ?\u00a0Dost\u0119pne natychmiast Kolory tkaninPOGL\u0104DOWE PROJEKTY KremowyPOGL\u0104DOWE PROJEKTY Jasny popielPOGL\u0104DOWE PROJEKTY Jasny szaryPOGL\u0104DOWE PROJEKTY Szary<\/p>","protected":false},"author":1,"featured_media":0,"parent":0,"menu_order":0,"comment_status":"closed","ping_status":"closed","template":"","meta":{"_et_pb_use_builder":"on","_et_pb_old_content":"","_et_gb_content_width":"","footnotes":""},"class_list":["post-194","page","type-page","status-publish","hentry"],"yoast_head":"<!-- This site is optimized with the Yoast SEO plugin v27.2 - https:\/\/yoast.com\/product\/yoast-seo-wordpress\/ -->\n<title>KOLORY - Rolety poziome rzymskie rozwijane rozsuwane dachy pergotendy Level Rafa\u0142 Krymski<\/title>\n<meta name=\"robots\" content=\"index, follow, max-snippet:-1, max-image-preview:large, max-video-preview:-1\" \/>\n<link rel=\"canonical\" href=\"https:\/\/zaslonyogrodowe.pl\/de\/kolory\/\" \/>\n<meta property=\"og:locale\" content=\"de_DE\" \/>\n<meta property=\"og:type\" content=\"article\" \/>\n<meta property=\"og:title\" content=\"KOLORY - Rolety poziome rzymskie rozwijane rozsuwane dachy pergotendy Level Rafa\u0142 Krymski\" \/>\n<meta property=\"og:description\" content=\"Dost\u0119pne kolory zas\u0142onMasz pytania ?\u00a0Dost\u0119pne natychmiast Kolory tkaninPOGL\u0104DOWE PROJEKTY KremowyPOGL\u0104DOWE PROJEKTY Jasny popielPOGL\u0104DOWE PROJEKTY Jasny szaryPOGL\u0104DOWE PROJEKTY Szary\" \/>\n<meta property=\"og:url\" content=\"https:\/\/zaslonyogrodowe.pl\/de\/kolory\/\" \/>\n<meta property=\"og:site_name\" content=\"Rolety poziome rzymskie rozwijane rozsuwane dachy pergotendy Level Rafa\u0142 Krymski\" \/>\n<meta property=\"article:modified_time\" content=\"2023-04-24T12:34:19+00:00\" \/>\n<meta name=\"twitter:card\" content=\"summary_large_image\" \/>\n<meta name=\"twitter:label1\" content=\"Gesch\u00e4tzte Lesezeit\" \/>\n\t<meta name=\"twitter:data1\" content=\"8\u00a0Minuten\" \/>\n<script type=\"application\/ld+json\" class=\"yoast-schema-graph\">{\"@context\":\"https:\/\/schema.org\",\"@graph\":[{\"@type\":\"WebPage\",\"@id\":\"https:\/\/zaslonyogrodowe.pl\/kolory\/\",\"url\":\"https:\/\/zaslonyogrodowe.pl\/kolory\/\",\"name\":\"KOLORY - Rolety poziome rzymskie rozwijane rozsuwane dachy pergotendy Level Rafa\u0142 Krymski\",\"isPartOf\":{\"@id\":\"https:\/\/zaslonyogrodowe.pl\/#website\"},\"datePublished\":\"2020-06-01T10:49:04+00:00\",\"dateModified\":\"2023-04-24T12:34:19+00:00\",\"breadcrumb\":{\"@id\":\"https:\/\/zaslonyogrodowe.pl\/kolory\/#breadcrumb\"},\"inLanguage\":\"de\",\"potentialAction\":[{\"@type\":\"ReadAction\",\"target\":[\"https:\/\/zaslonyogrodowe.pl\/kolory\/\"]}]},{\"@type\":\"BreadcrumbList\",\"@id\":\"https:\/\/zaslonyogrodowe.pl\/kolory\/#breadcrumb\",\"itemListElement\":[{\"@type\":\"ListItem\",\"position\":1,\"name\":\"Strona g\u0142\u00f3wna\",\"item\":\"https:\/\/zaslonyogrodowe.pl\/\"},{\"@type\":\"ListItem\",\"position\":2,\"name\":\"KOLORY\"}]},{\"@type\":\"WebSite\",\"@id\":\"https:\/\/zaslonyogrodowe.pl\/#website\",\"url\":\"https:\/\/zaslonyogrodowe.pl\/\",\"name\":\"Rolety poziome rzymskie rozwijane rozsuwane dachy pergotendy\",\"description\":\"Rolety poziome rzymskie rozwijane rozsuwane dachy pergotendy Level Rafa\u0142 Krymski\",\"publisher\":{\"@id\":\"https:\/\/zaslonyogrodowe.pl\/#organization\"},\"potentialAction\":[{\"@type\":\"SearchAction\",\"target\":{\"@type\":\"EntryPoint\",\"urlTemplate\":\"https:\/\/zaslonyogrodowe.pl\/?s={search_term_string}\"},\"query-input\":{\"@type\":\"PropertyValueSpecification\",\"valueRequired\":true,\"valueName\":\"search_term_string\"}}],\"inLanguage\":\"de\"},{\"@type\":\"Organization\",\"@id\":\"https:\/\/zaslonyogrodowe.pl\/#organization\",\"name\":\"Rolety poziome rzymskie przesuwane zadaszenia\",\"url\":\"https:\/\/zaslonyogrodowe.pl\/\",\"logo\":{\"@type\":\"ImageObject\",\"inLanguage\":\"de\",\"@id\":\"https:\/\/zaslonyogrodowe.pl\/#\/schema\/logo\/image\/\",\"url\":\"https:\/\/zaslonyogrodowe.pl\/wp-content\/uploads\/2022\/04\/Logo-roletypoziome.pl_.png\",\"contentUrl\":\"https:\/\/zaslonyogrodowe.pl\/wp-content\/uploads\/2022\/04\/Logo-roletypoziome.pl_.png\",\"width\":500,\"height\":500,\"caption\":\"Rolety poziome rzymskie przesuwane zadaszenia\"},\"image\":{\"@id\":\"https:\/\/zaslonyogrodowe.pl\/#\/schema\/logo\/image\/\"}}]}<\/script>\n<!-- \/ Yoast SEO plugin. -->","yoast_head_json":{"title":"KOLORY - Rolety poziome rzymskie rozwijane rozsuwane dachy pergotendy Level Rafa\u0142 Krymski","robots":{"index":"index","follow":"follow","max-snippet":"max-snippet:-1","max-image-preview":"max-image-preview:large","max-video-preview":"max-video-preview:-1"},"canonical":"https:\/\/zaslonyogrodowe.pl\/de\/kolory\/","og_locale":"de_DE","og_type":"article","og_title":"KOLORY - Rolety poziome rzymskie rozwijane rozsuwane dachy pergotendy Level Rafa\u0142 Krymski","og_description":"Dost\u0119pne kolory zas\u0142onMasz pytania ?\u00a0Dost\u0119pne natychmiast Kolory tkaninPOGL\u0104DOWE PROJEKTY KremowyPOGL\u0104DOWE PROJEKTY Jasny popielPOGL\u0104DOWE PROJEKTY Jasny szaryPOGL\u0104DOWE PROJEKTY Szary","og_url":"https:\/\/zaslonyogrodowe.pl\/de\/kolory\/","og_site_name":"Rolety poziome rzymskie rozwijane rozsuwane dachy pergotendy Level Rafa\u0142 Krymski","article_modified_time":"2023-04-24T12:34:19+00:00","twitter_card":"summary_large_image","twitter_misc":{"Gesch\u00e4tzte Lesezeit":"8\u00a0Minuten"},"schema":{"@context":"https:\/\/schema.org","@graph":[{"@type":"WebPage","@id":"https:\/\/zaslonyogrodowe.pl\/kolory\/","url":"https:\/\/zaslonyogrodowe.pl\/kolory\/","name":"KOLORY - Rolety poziome rzymskie rozwijane rozsuwane dachy pergotendy Level Rafa\u0142 Krymski","isPartOf":{"@id":"https:\/\/zaslonyogrodowe.pl\/#website"},"datePublished":"2020-06-01T10:49:04+00:00","dateModified":"2023-04-24T12:34:19+00:00","breadcrumb":{"@id":"https:\/\/zaslonyogrodowe.pl\/kolory\/#breadcrumb"},"inLanguage":"de","potentialAction":[{"@type":"ReadAction","target":["https:\/\/zaslonyogrodowe.pl\/kolory\/"]}]},{"@type":"BreadcrumbList","@id":"https:\/\/zaslonyogrodowe.pl\/kolory\/#breadcrumb","itemListElement":[{"@type":"ListItem","position":1,"name":"Strona g\u0142\u00f3wna","item":"https:\/\/zaslonyogrodowe.pl\/"},{"@type":"ListItem","position":2,"name":"KOLORY"}]},{"@type":"WebSite","@id":"https:\/\/zaslonyogrodowe.pl\/#website","url":"https:\/\/zaslonyogrodowe.pl\/","name":"Rolety poziome rzymskie rozwijane rozsuwane dachy pergotendy","description":"Rolety poziome rzymskie rozwijane rozsuwane dachy pergotendy Level Rafa\u0142 Krymski","publisher":{"@id":"https:\/\/zaslonyogrodowe.pl\/#organization"},"potentialAction":[{"@type":"SearchAction","target":{"@type":"EntryPoint","urlTemplate":"https:\/\/zaslonyogrodowe.pl\/?s={search_term_string}"},"query-input":{"@type":"PropertyValueSpecification","valueRequired":true,"valueName":"search_term_string"}}],"inLanguage":"de"},{"@type":"Organization","@id":"https:\/\/zaslonyogrodowe.pl\/#organization","name":"Rolety poziome rzymskie przesuwane zadaszenia","url":"https:\/\/zaslonyogrodowe.pl\/","logo":{"@type":"ImageObject","inLanguage":"de","@id":"https:\/\/zaslonyogrodowe.pl\/#\/schema\/logo\/image\/","url":"https:\/\/zaslonyogrodowe.pl\/wp-content\/uploads\/2022\/04\/Logo-roletypoziome.pl_.png","contentUrl":"https:\/\/zaslonyogrodowe.pl\/wp-content\/uploads\/2022\/04\/Logo-roletypoziome.pl_.png","width":500,"height":500,"caption":"Rolety poziome rzymskie przesuwane zadaszenia"},"image":{"@id":"https:\/\/zaslonyogrodowe.pl\/#\/schema\/logo\/image\/"}}]}},"_links":{"self":[{"href":"https:\/\/zaslonyogrodowe.pl\/de\/wp-json\/wp\/v2\/pages\/194","targetHints":{"allow":["GET"]}}],"collection":[{"href":"https:\/\/zaslonyogrodowe.pl\/de\/wp-json\/wp\/v2\/pages"}],"about":[{"href":"https:\/\/zaslonyogrodowe.pl\/de\/wp-json\/wp\/v2\/types\/page"}],"author":[{"embeddable":true,"href":"https:\/\/zaslonyogrodowe.pl\/de\/wp-json\/wp\/v2\/users\/1"}],"replies":[{"embeddable":true,"href":"https:\/\/zaslonyogrodowe.pl\/de\/wp-json\/wp\/v2\/comments?post=194"}],"version-history":[{"count":0,"href":"https:\/\/zaslonyogrodowe.pl\/de\/wp-json\/wp\/v2\/pages\/194\/revisions"}],"wp:attachment":[{"href":"https:\/\/zaslonyogrodowe.pl\/de\/wp-json\/wp\/v2\/media?parent=194"}],"curies":[{"name":"wp","href":"https:\/\/api.w.org\/{rel}","templated":true}]}}